{"id":146,"date":"2025-08-16T21:40:48","date_gmt":"2025-08-16T19:40:48","guid":{"rendered":"https:\/\/kanzlei-mader.de\/?page_id=146"},"modified":"2025-10-04T08:07:37","modified_gmt":"2025-10-04T06:07:37","slug":"impressum","status":"publish","type":"page","link":"https:\/\/kanzlei-mader.de\/en\/impressum\/","title":{"rendered":"Impressum - legal notice"},"content":{"rendered":"<div data-elementor-type=\"wp-page\" data-elementor-id=\"146\" class=\"elementor elementor-146\" data-elementor-post-type=\"page\">\n\t\t\t\t<div class=\"elementor-element elementor-element-40dc8f1 e-flex e-con-boxed e-con e-parent\" data-id=\"40dc8f1\" data-element_type=\"container\" data-e-type=\"container\" data-settings=\"{&quot;background_background&quot;:&quot;classic&quot;}\">\n\t\t\t\t\t<div class=\"e-con-inner\">\n\t\t<div class=\"elementor-element elementor-element-20ac2c58 e-con-full e-flex e-con e-child\" data-id=\"20ac2c58\" data-element_type=\"container\" data-e-type=\"container\">\n\t\t\t\t<div class=\"elementor-element elementor-element-6c5561c1 elementor-widget elementor-widget-heading\" data-id=\"6c5561c1\" data-element_type=\"widget\" data-e-type=\"widget\" data-widget_type=\"heading.default\">\n\t\t\t\t<div class=\"elementor-widget-container\">\n\t\t\t\t\t<h1 class=\"elementor-heading-title elementor-size-default\">Impressum - legal notice<\/h1>\t\t\t\t<\/div>\n\t\t\t\t<\/div>\n\t\t\t\t<\/div>\n\t\t<div class=\"elementor-element elementor-element-7a3221c2 e-con-full e-flex e-con e-child\" data-id=\"7a3221c2\" data-element_type=\"container\" data-e-type=\"container\">\n\t\t\t\t<\/div>\n\t\t\t\t\t<\/div>\n\t\t\t\t<\/div>\n\t\t<div class=\"elementor-element elementor-element-2bff525 e-flex e-con-boxed e-con e-parent\" data-id=\"2bff525\" data-element_type=\"container\" data-e-type=\"container\">\n\t\t\t\t\t<div class=\"e-con-inner\">\n\t\t<div class=\"elementor-element elementor-element-5db08a5b e-con-full e-flex e-con e-child\" data-id=\"5db08a5b\" data-element_type=\"container\" data-e-type=\"container\">\n\t\t\t\t<div class=\"elementor-element elementor-element-7bdd2358 elementor-widget__width-auto elementor-absolute elementor-view-default elementor-widget elementor-widget-icon\" data-id=\"7bdd2358\" data-element_type=\"widget\" data-e-type=\"widget\" data-settings=\"{&quot;_position&quot;:&quot;absolute&quot;}\" data-widget_type=\"icon.default\">\n\t\t\t\t<div class=\"elementor-widget-container\">\n\t\t\t\t\t\t\t<div class=\"elementor-icon-wrapper\">\n\t\t\t<div class=\"elementor-icon\">\n\t\t\t<svg xmlns=\"http:\/\/www.w3.org\/2000\/svg\" id=\"a72f1db4-4b9f-4cbc-ac4c-a54efeaf8336\" data-name=\"Layer 1\" width=\"100\" height=\"100\" viewbox=\"0 0 100 100\"><title>Shape<\/title><path id=\"aecdc5f9-a79f-465f-8b06-186d589ccd57\" data-name=\"Shape\" d=\"M0,100V0H50V50h50v50Z\" style=\"fill-rule:evenodd\"><\/path><\/svg>\t\t\t<\/div>\n\t\t<\/div>\n\t\t\t\t\t\t<\/div>\n\t\t\t\t<\/div>\n\t\t<div class=\"elementor-element elementor-element-464aadce e-con-full e-flex e-con e-child\" data-id=\"464aadce\" data-element_type=\"container\" data-e-type=\"container\">\n\t\t<div class=\"elementor-element elementor-element-76530b20 e-con-full e-flex e-con e-child\" data-id=\"76530b20\" data-element_type=\"container\" data-e-type=\"container\">\n\t\t\t\t<div class=\"elementor-element elementor-element-6aede3ef elementor-widget elementor-widget-html\" data-id=\"6aede3ef\" data-element_type=\"widget\" data-e-type=\"widget\" data-widget_type=\"html.default\">\n\t\t\t\t<div class=\"elementor-widget-container\">\n\t\t\t\t\t<h2>Diese Website ist erstellt von:<\/h2>\n\n<p>\n  <strong>Kanzlei Mader<\/strong><br>\n  Oliver Mader, PhD, M.A. (KCL)<br>\n  Paarstra\u00dfe 21, 86453 Dasing<br>\n  Telefon: (+49) 821 3289 586<br>\n  E-Mail: <a href=\"mailto:info@kanzlei-mader.de\">info@kanzlei-mader.de<\/a><br>\n  Internet: <a href=\"https:\/\/kanzlei-mader.de\/en\/\" target=\"_blank\">www.kanzlei-mader.de<\/a>\n<\/p>\n\n<hr>\n\n<h2>Zulassung als Rechtsanwalt<\/h2>\n<p>\n  Rechtsanwalt in Deutschland und Mitglied der berufsst\u00e4ndischen Rechtsanwaltskammer f\u00fcr den Oberlandesgerichtsbezirk M\u00fcnchen:\n<\/p>\n<p>\n  Im Tal 33, D-80331 M\u00fcnchen<br>\n  Tel.: 089 \/ 53 29 44-0<br>\n  Fax: 089 \/ 53 29 44-28<br>\n  E-Mail: <a href=\"mailto:info@rak-muenchen.de\">info@rak-muenchen.de<\/a><br>\n  Internet: <a href=\"https:\/\/www.rechtsanwaltskammer-muenchen.de\" target=\"_blank\">www.rechtsanwaltskammer-muenchen.de<\/a>\n<\/p>\n<p>Die Rechtsanwaltskammer f\u00fcr den Oberlandesgerichtsbezirk M\u00fcnchen ist die zust\u00e4ndige Aufsichtsbeh\u00f6rde im Sinne des Gesetzes.<\/p>\n\n<hr>\n\n<h2>Berufshaftpflichtversicherung<\/h2>\n<p>\n  Die Berufshaftpflichtversicherung wird unterhalten bei:<br>\n  <strong>Markel Insurance SE<\/strong><br>\n  Sophienstr. 26<br>\n  80333 M\u00fcnchen\n<\/p>\n\n<hr>\n\n<h2>Berufsrechtliche Regelungen<\/h2>\n<p>\n  Der Titel <strong>\"Rechtsanwalt\"<\/strong> wird von der Rechtsanwaltskammer verliehen aufgrund bestandener Erster und Zweiter Juristischer Staatspr\u00fcfung und einem speziellen Zulassungsverfahren. Er ist durch gesetzlich definierte Standesregeln gesch\u00fctzt, die organschaftliche Rechte und Pflichten hinsichtlich der Vertraulichkeit, der Mandatsaus\u00fcbung, der Verg\u00fctung u.a. enthalten.\n<\/p>\n<p>\n  Derartige Rechte und Pflichten k\u00f6nnen \u00fcber die Webseiten der Bundesrechtsanwaltskammer eingesehen werden:\n<\/p>\n<ul>\n  <li><a href=\"https:\/\/www.gesetze-im-internet.de\/brao\/\" target=\"_blank\">BRAO - Bundesrechtsanwaltsordnung<\/a><\/li>\n  <li><a href=\"https:\/\/www.brak.de\/fuer-anwaelte\/berufsrecht\/bora\/\" target=\"_blank\">BORA - Berufsordnung f\u00fcr Rechtsanw\u00e4lte<\/a><\/li>\n  <li><a href=\"https:\/\/www.brak.de\/fuer-anwaelte\/berufsrecht\/fao\/\" target=\"_blank\">Fachanwaltsordnung<\/a><\/li>\n  <li><a href=\"https:\/\/www.gesetze-im-internet.de\/rvg\/\" target=\"_blank\">Gesetz \u00fcber die Verg\u00fctung der Rechtsanw\u00e4ltinnen und Rechtsanw\u00e4lte<\/a><\/li>\n  <li><a href=\"https:\/\/www.ccbe.eu\/\" target=\"_blank\">Berufsregeln der Rechtsanw\u00e4lte der Europ\u00e4ischen Gemeinschaft (CCBE)<\/a><\/li>\n  <li><a href=\"https:\/\/www.gesetze-im-internet.de\/eurag\/\" target=\"_blank\">Gesetz \u00fcber die T\u00e4tigkeit europ\u00e4ischer Rechtsanw\u00e4lte in Deutschland (EuRAG)<\/a><\/li>\n<\/ul>\t\t\t\t<\/div>\n\t\t\t\t<\/div>\n\t\t\t\t<div class=\"elementor-element elementor-element-7942d3d4 elementor-widget elementor-widget-spacer\" data-id=\"7942d3d4\" data-element_type=\"widget\" data-e-type=\"widget\" data-widget_type=\"spacer.default\">\n\t\t\t\t<div class=\"elementor-widget-container\">\n\t\t\t\t\t\t\t<div class=\"elementor-spacer\">\n\t\t\t<div class=\"elementor-spacer-inner\"><\/div>\n\t\t<\/div>\n\t\t\t\t\t\t<\/div>\n\t\t\t\t<\/div>\n\t\t\t\t<div class=\"elementor-element elementor-element-1352096a elementor-widget elementor-widget-spacer\" data-id=\"1352096a\" data-element_type=\"widget\" data-e-type=\"widget\" data-widget_type=\"spacer.default\">\n\t\t\t\t<div class=\"elementor-widget-container\">\n\t\t\t\t\t\t\t<div class=\"elementor-spacer\">\n\t\t\t<div class=\"elementor-spacer-inner\"><\/div>\n\t\t<\/div>\n\t\t\t\t\t\t<\/div>\n\t\t\t\t<\/div>\n\t\t\t\t<\/div>\n\t\t\t\t<\/div>\n\t\t\t\t<\/div>\n\t\t\t\t\t<\/div>\n\t\t\t\t<\/div>\n\t\t\t\t<\/div>","protected":false},"excerpt":{"rendered":"<p>Impressum Shape Diese Website ist erstellt von: Kanzlei Mader Rechtsanwalt Dr. Oliver Mader Paarstra\u00dfe 21, 86453 Dasing Telefon: (+49) 821 3289 586 E-Mail: info@kanzlei-mader.de Internet: www.kanzlei-mader.de Zulassung als Rechtsanwalt Rechtsanwalt in Deutschland und Mitglied der berufsst\u00e4ndischen Rechtsanwaltskammer f\u00fcr den Oberlandesgerichtsbezirk M\u00fcnchen: Im Tal 33, D-80331 M\u00fcnchen Tel.: 089 \/ 53 29 44-0 Fax: 089 \/ [&hellip;]<\/p>","protected":false},"author":1,"featured_media":0,"parent":0,"menu_order":100,"comment_status":"closed","ping_status":"closed","template":"elementor_header_footer","meta":{"footnotes":""},"class_list":["post-146","page","type-page","status-publish","hentry"],"yoast_head":"<!-- This site is optimized with the Yoast SEO plugin v26.6 - https:\/\/yoast.com\/wordpress\/plugins\/seo\/ -->\n<title>Impressum - Kanzlei Mader | Mader Law<\/title>\n<meta name=\"robots\" content=\"index, follow, max-snippet:-1, max-image-preview:large, max-video-preview:-1\" \/>\n<link rel=\"canonical\" href=\"https:\/\/kanzlei-mader.de\/en\/impressum\/\" \/>\n<meta property=\"og:locale\" content=\"en_GB\" \/>\n<meta property=\"og:type\" content=\"article\" \/>\n<meta property=\"og:title\" content=\"Impressum - Kanzlei Mader | Mader Law\" \/>\n<meta property=\"og:description\" content=\"Impressum Shape Diese Website ist erstellt von: Kanzlei Mader Rechtsanwalt Dr. Oliver Mader Paarstra\u00dfe 21, 86453 Dasing Telefon: (+49) 821 3289 586 E-Mail: info@kanzlei-mader.de Internet: www.kanzlei-mader.de Zulassung als Rechtsanwalt Rechtsanwalt in Deutschland und Mitglied der berufsst\u00e4ndischen Rechtsanwaltskammer f\u00fcr den Oberlandesgerichtsbezirk M\u00fcnchen: Im Tal 33, D-80331 M\u00fcnchen Tel.: 089 \/ 53 29 44-0 Fax: 089 \/ [&hellip;]\" \/>\n<meta property=\"og:url\" content=\"https:\/\/kanzlei-mader.de\/en\/impressum\/\" \/>\n<meta property=\"og:site_name\" content=\"Kanzlei Mader | Mader Law\" \/>\n<meta property=\"article:modified_time\" content=\"2025-10-04T06:07:37+00:00\" \/>\n<meta name=\"twitter:card\" content=\"summary_large_image\" \/>\n<meta name=\"twitter:label1\" content=\"Estimated reading time\" \/>\n\t<meta name=\"twitter:data1\" content=\"1 minute\" \/>\n<script type=\"application\/ld+json\" class=\"yoast-schema-graph\">{\"@context\":\"https:\/\/schema.org\",\"@graph\":[{\"@type\":\"WebPage\",\"@id\":\"https:\/\/kanzlei-mader.de\/impressum\/\",\"url\":\"https:\/\/kanzlei-mader.de\/impressum\/\",\"name\":\"Impressum - Kanzlei Mader | Mader Law\",\"isPartOf\":{\"@id\":\"https:\/\/kanzlei-mader.de\/#website\"},\"datePublished\":\"2025-08-16T19:40:48+00:00\",\"dateModified\":\"2025-10-04T06:07:37+00:00\",\"breadcrumb\":{\"@id\":\"https:\/\/kanzlei-mader.de\/impressum\/#breadcrumb\"},\"inLanguage\":\"en-GB\",\"potentialAction\":[{\"@type\":\"ReadAction\",\"target\":[\"https:\/\/kanzlei-mader.de\/impressum\/\"]}]},{\"@type\":\"BreadcrumbList\",\"@id\":\"https:\/\/kanzlei-mader.de\/impressum\/#breadcrumb\",\"itemListElement\":[{\"@type\":\"ListItem\",\"position\":1,\"name\":\"Startseite\",\"item\":\"https:\/\/kanzlei-mader.de\/\"},{\"@type\":\"ListItem\",\"position\":2,\"name\":\"Impressum\"}]},{\"@type\":\"WebSite\",\"@id\":\"https:\/\/kanzlei-mader.de\/#website\",\"url\":\"https:\/\/kanzlei-mader.de\/\",\"name\":\"Kanzlei Mader | Mader Law - Wirtschaftsrecht, EU-Recht, Schadenersatz, Arzthaftung, EU Staff Regulations, EU Civil Service Law\",\"description\":\"Rechtsanwalt Dr. Oliver Mader: Wirtschaftsrecht, EU-Recht\",\"publisher\":{\"@id\":\"https:\/\/kanzlei-mader.de\/#organization\"},\"alternateName\":\"Rechtsanwalt Dr. Oliver Mader\",\"potentialAction\":[{\"@type\":\"SearchAction\",\"target\":{\"@type\":\"EntryPoint\",\"urlTemplate\":\"https:\/\/kanzlei-mader.de\/?s={search_term_string}\"},\"query-input\":{\"@type\":\"PropertyValueSpecification\",\"valueRequired\":true,\"valueName\":\"search_term_string\"}}],\"inLanguage\":\"en-GB\"},{\"@type\":\"Organization\",\"@id\":\"https:\/\/kanzlei-mader.de\/#organization\",\"name\":\"Kanzlei Mader | Mader Law\",\"alternateName\":\"Rechtsanwalt Dr. Oliver Mader\",\"url\":\"https:\/\/kanzlei-mader.de\/\",\"logo\":{\"@type\":\"ImageObject\",\"inLanguage\":\"en-GB\",\"@id\":\"https:\/\/kanzlei-mader.de\/#\/schema\/logo\/image\/\",\"url\":\"https:\/\/kanzlei-mader.de\/wp-content\/uploads\/2025\/11\/cropped-mader-logo-1.png\",\"contentUrl\":\"https:\/\/kanzlei-mader.de\/wp-content\/uploads\/2025\/11\/cropped-mader-logo-1.png\",\"width\":512,\"height\":512,\"caption\":\"Kanzlei Mader | Mader Law\"},\"image\":{\"@id\":\"https:\/\/kanzlei-mader.de\/#\/schema\/logo\/image\/\"},\"sameAs\":[\"https:\/\/www.linkedin.com\/in\/oliver-mader-phd-m-a-kcl-lawyer-619284307\/\",\"https:\/\/www.eu-law.lawyer\",\"https:\/\/www.eu-dienstrecht.de\",\"https:\/\/www.eugh-anwalt.de\",\"https:\/\/www.invalidity-pension.eu\",\"https:\/\/www.staff-regulations.eu\",\"https:\/\/www.kanzlei-mader.de\",\"https:\/\/www.mader-law.de\",\"https:\/\/www.cartel.lawyer\"]}]}<\/script>\n<!-- \/ Yoast SEO plugin. -->","yoast_head_json":{"title":"Impressum - Kanzlei Mader | Mader Law","robots":{"index":"index","follow":"follow","max-snippet":"max-snippet:-1","max-image-preview":"max-image-preview:large","max-video-preview":"max-video-preview:-1"},"canonical":"https:\/\/kanzlei-mader.de\/en\/impressum\/","og_locale":"en_GB","og_type":"article","og_title":"Impressum - Kanzlei Mader | Mader Law","og_description":"Impressum Shape Diese Website ist erstellt von: Kanzlei Mader Rechtsanwalt Dr. Oliver Mader Paarstra\u00dfe 21, 86453 Dasing Telefon: (+49) 821 3289 586 E-Mail: info@kanzlei-mader.de Internet: www.kanzlei-mader.de Zulassung als Rechtsanwalt Rechtsanwalt in Deutschland und Mitglied der berufsst\u00e4ndischen Rechtsanwaltskammer f\u00fcr den Oberlandesgerichtsbezirk M\u00fcnchen: Im Tal 33, D-80331 M\u00fcnchen Tel.: 089 \/ 53 29 44-0 Fax: 089 \/ [&hellip;]","og_url":"https:\/\/kanzlei-mader.de\/en\/impressum\/","og_site_name":"Kanzlei Mader | Mader Law","article_modified_time":"2025-10-04T06:07:37+00:00","twitter_card":"summary_large_image","twitter_misc":{"Estimated reading time":"1 minute"},"schema":{"@context":"https:\/\/schema.org","@graph":[{"@type":"WebPage","@id":"https:\/\/kanzlei-mader.de\/impressum\/","url":"https:\/\/kanzlei-mader.de\/impressum\/","name":"Impressum - Kanzlei Mader | Mader Law","isPartOf":{"@id":"https:\/\/kanzlei-mader.de\/#website"},"datePublished":"2025-08-16T19:40:48+00:00","dateModified":"2025-10-04T06:07:37+00:00","breadcrumb":{"@id":"https:\/\/kanzlei-mader.de\/impressum\/#breadcrumb"},"inLanguage":"en-GB","potentialAction":[{"@type":"ReadAction","target":["https:\/\/kanzlei-mader.de\/impressum\/"]}]},{"@type":"BreadcrumbList","@id":"https:\/\/kanzlei-mader.de\/impressum\/#breadcrumb","itemListElement":[{"@type":"ListItem","position":1,"name":"Startseite","item":"https:\/\/kanzlei-mader.de\/"},{"@type":"ListItem","position":2,"name":"Impressum"}]},{"@type":"WebSite","@id":"https:\/\/kanzlei-mader.de\/#website","url":"https:\/\/kanzlei-mader.de\/","name":"Kanzlei Mader | Mader Law - Wirtschaftsrecht, EU-Recht, Schadenersatz, Arzthaftung, EU Staff Regulations, EU Civil Service Law","description":"Rechtsanwalt Dr. Oliver Mader: Wirtschaftsrecht, EU-Recht","publisher":{"@id":"https:\/\/kanzlei-mader.de\/#organization"},"alternateName":"Rechtsanwalt Dr. Oliver Mader","potentialAction":[{"@type":"SearchAction","target":{"@type":"EntryPoint","urlTemplate":"https:\/\/kanzlei-mader.de\/?s={search_term_string}"},"query-input":{"@type":"PropertyValueSpecification","valueRequired":true,"valueName":"search_term_string"}}],"inLanguage":"en-GB"},{"@type":"Organization","@id":"https:\/\/kanzlei-mader.de\/#organization","name":"Kanzlei Mader | Mader Law","alternateName":"Rechtsanwalt Dr. Oliver Mader","url":"https:\/\/kanzlei-mader.de\/","logo":{"@type":"ImageObject","inLanguage":"en-GB","@id":"https:\/\/kanzlei-mader.de\/#\/schema\/logo\/image\/","url":"https:\/\/kanzlei-mader.de\/wp-content\/uploads\/2025\/11\/cropped-mader-logo-1.png","contentUrl":"https:\/\/kanzlei-mader.de\/wp-content\/uploads\/2025\/11\/cropped-mader-logo-1.png","width":512,"height":512,"caption":"Kanzlei Mader | Mader Law"},"image":{"@id":"https:\/\/kanzlei-mader.de\/#\/schema\/logo\/image\/"},"sameAs":["https:\/\/www.linkedin.com\/in\/oliver-mader-phd-m-a-kcl-lawyer-619284307\/","https:\/\/www.eu-law.lawyer","https:\/\/www.eu-dienstrecht.de","https:\/\/www.eugh-anwalt.de","https:\/\/www.invalidity-pension.eu","https:\/\/www.staff-regulations.eu","https:\/\/www.kanzlei-mader.de","https:\/\/www.mader-law.de","https:\/\/www.cartel.lawyer"]}]}},"_links":{"self":[{"href":"https:\/\/kanzlei-mader.de\/en\/wp-json\/wp\/v2\/pages\/146","targetHints":{"allow":["GET"]}}],"collection":[{"href":"https:\/\/kanzlei-mader.de\/en\/wp-json\/wp\/v2\/pages"}],"about":[{"href":"https:\/\/kanzlei-mader.de\/en\/wp-json\/wp\/v2\/types\/page"}],"author":[{"embeddable":true,"href":"https:\/\/kanzlei-mader.de\/en\/wp-json\/wp\/v2\/users\/1"}],"replies":[{"embeddable":true,"href":"https:\/\/kanzlei-mader.de\/en\/wp-json\/wp\/v2\/comments?post=146"}],"version-history":[{"count":10,"href":"https:\/\/kanzlei-mader.de\/en\/wp-json\/wp\/v2\/pages\/146\/revisions"}],"predecessor-version":[{"id":591,"href":"https:\/\/kanzlei-mader.de\/en\/wp-json\/wp\/v2\/pages\/146\/revisions\/591"}],"wp:attachment":[{"href":"https:\/\/kanzlei-mader.de\/en\/wp-json\/wp\/v2\/media?parent=146"}],"curies":[{"name":"wp","href":"https:\/\/api.w.org\/{rel}","templated":true}]}}