{"id":46,"date":"2025-08-16T21:29:02","date_gmt":"2025-08-16T19:29:02","guid":{"rendered":"https:\/\/kanzlei-mader.de\/contact-us\/"},"modified":"2026-01-12T13:12:18","modified_gmt":"2026-01-12T12:12:18","slug":"kontakt","status":"publish","type":"page","link":"https:\/\/kanzlei-mader.de\/en\/kontakt\/","title":{"rendered":"Contact"},"content":{"rendered":"<div data-elementor-type=\"wp-page\" data-elementor-id=\"46\" class=\"elementor elementor-46\" data-elementor-post-type=\"page\">\n\t\t\t\t<div class=\"elementor-element elementor-element-50cd27e8 e-flex e-con-boxed e-con e-parent\" data-id=\"50cd27e8\" data-element_type=\"container\" data-e-type=\"container\" data-settings=\"{&quot;background_background&quot;:&quot;classic&quot;}\">\n\t\t\t\t\t<div class=\"e-con-inner\">\n\t\t<div class=\"elementor-element elementor-element-afe5d33 e-con-full e-flex e-con e-child\" data-id=\"afe5d33\" data-element_type=\"container\" data-e-type=\"container\">\n\t\t\t\t<div class=\"elementor-element elementor-element-cb16d7b elementor-widget elementor-widget-heading\" data-id=\"cb16d7b\" data-element_type=\"widget\" data-e-type=\"widget\" data-widget_type=\"heading.default\">\n\t\t\t\t<div class=\"elementor-widget-container\">\n\t\t\t\t\t<h1 class=\"elementor-heading-title elementor-size-default\">Contact<\/h1>\t\t\t\t<\/div>\n\t\t\t\t<\/div>\n\t\t\t\t<\/div>\n\t\t<div class=\"elementor-element elementor-element-7eb91ff1 e-con-full e-flex e-con e-child\" data-id=\"7eb91ff1\" data-element_type=\"container\" data-e-type=\"container\">\n\t\t\t\t<div class=\"elementor-element elementor-element-77cdb014 elementor-widget elementor-widget-text-editor\" data-id=\"77cdb014\" data-element_type=\"widget\" data-e-type=\"widget\" data-widget_type=\"text-editor.default\">\n\t\t\t\t<div class=\"elementor-widget-container\">\n\t\t\t\t\t\t\t\t\t<p>Prompt legal advice \u2013 also by phone and video call<\/p>\t\t\t\t\t\t\t\t<\/div>\n\t\t\t\t<\/div>\n\t\t\t\t<\/div>\n\t\t\t\t\t<\/div>\n\t\t\t\t<\/div>\n\t\t<div class=\"elementor-element elementor-element-5a2b543 e-flex e-con-boxed e-con e-parent\" data-id=\"5a2b543\" data-element_type=\"container\" data-e-type=\"container\">\n\t\t\t\t\t<div class=\"e-con-inner\">\n\t\t\t\t<div class=\"elementor-element elementor-element-9239b8f elementor-widget__width-inherit elementor-widget elementor-widget-text-editor\" data-id=\"9239b8f\" data-element_type=\"widget\" data-e-type=\"widget\" data-widget_type=\"text-editor.default\">\n\t\t\t\t<div class=\"elementor-widget-container\">\n\t\t\t\t\t\t\t\t\t<p>\u00a0<\/p><p>Feel free to schedule an appointment via the contact form, by email or phone<\/p><p>You may decide to draw from the legal services and, at any time, to discontinue them. You will receive comprehensive advice on potential costs and risks, including on the role of a legal insurance or litigation funder, contingency fees, etc.  - Enough time shall be dedicated to your specific situation.<\/p><p>-\u00a0<\/p><p>The initial consultation is free of charge.<\/p>\t\t\t\t\t\t\t\t<\/div>\n\t\t\t\t<\/div>\n\t\t\t\t\t<\/div>\n\t\t\t\t<\/div>\n\t\t<div class=\"elementor-element elementor-element-69ab023d e-flex e-con-boxed e-con e-parent\" data-id=\"69ab023d\" data-element_type=\"container\" data-e-type=\"container\">\n\t\t\t\t\t<div class=\"e-con-inner\">\n\t\t<div class=\"elementor-element elementor-element-d9b32d2 e-con-full e-flex e-con e-child\" data-id=\"d9b32d2\" data-element_type=\"container\" data-e-type=\"container\">\n\t\t<div class=\"elementor-element elementor-element-46740af e-con-full e-flex e-con e-child\" data-id=\"46740af\" data-element_type=\"container\" data-e-type=\"container\">\n\t\t\t\t<div class=\"elementor-element elementor-element-a30b2e3 elementor-widget elementor-widget-heading\" data-id=\"a30b2e3\" data-element_type=\"widget\" data-e-type=\"widget\" data-widget_type=\"heading.default\">\n\t\t\t\t<div class=\"elementor-widget-container\">\n\t\t\t\t\t<h3 class=\"elementor-heading-title elementor-size-default\">contact form<\/h3>\t\t\t\t<\/div>\n\t\t\t\t<\/div>\n\t\t\t\t<div class=\"elementor-element elementor-element-35d6c642 elementor-button-align-end elementor-mobile-button-align-stretch elementor-widget elementor-widget-form\" data-id=\"35d6c642\" data-element_type=\"widget\" data-e-type=\"widget\" data-settings=\"{&quot;button_width_mobile&quot;:&quot;100&quot;,&quot;step_next_label&quot;:&quot;Next&quot;,&quot;step_previous_label&quot;:&quot;Previous&quot;,&quot;step_type&quot;:&quot;number_text&quot;,&quot;step_icon_shape&quot;:&quot;circle&quot;}\" data-widget_type=\"form.default\">\n\t\t\t\t<div class=\"elementor-widget-container\">\n\t\t\t\t\t\t\t<form class=\"elementor-form\" method=\"post\" name=\"New Form\" aria-label=\"New Form\" action=\"\">\n\t\t\t<input type=\"hidden\" name=\"post_id\" value=\"46\"\/>\n\t\t\t<input type=\"hidden\" name=\"form_id\" value=\"35d6c642\"\/>\n\t\t\t<input type=\"hidden\" name=\"referer_title\" value=\"Kanzlei Mader | Mader Law\" \/>\n\n\t\t\t\n\t\t\t<div class=\"elementor-form-fields-wrapper elementor-labels-above\">\n\t\t\t\t\t\t\t\t<div class=\"elementor-field-type-text elementor-field-group elementor-column elementor-field-group-email elementor-col-50 elementor-field-required elementor-mark-required\">\n\t\t\t\t\t\t\t\t\t\t\t\t\t<input size=\"1\" type=\"text\" name=\"form_fields[email]\" id=\"form-field-email\" class=\"elementor-field elementor-size-md  elementor-field-textual\" placeholder=\"name\" required=\"required\">\n\t\t\t\t\t\t\t\t\t\t\t<\/div>\n\t\t\t\t\t\t\t\t<div class=\"elementor-field-type-text elementor-field-group elementor-column elementor-field-group-field_a074beb elementor-col-50 elementor-field-required elementor-mark-required\">\n\t\t\t\t\t\t\t\t\t\t\t\t\t<input size=\"1\" type=\"text\" name=\"form_fields[field_a074beb]\" id=\"form-field-field_a074beb\" class=\"elementor-field elementor-size-md  elementor-field-textual\" placeholder=\"surname\" required=\"required\">\n\t\t\t\t\t\t\t\t\t\t\t<\/div>\n\t\t\t\t\t\t\t\t<div class=\"elementor-field-type-tel elementor-field-group elementor-column elementor-field-group-field_6f7b0a2 elementor-col-50 elementor-field-required elementor-mark-required\">\n\t\t\t\t\t\t\t<input size=\"1\" type=\"tel\" name=\"form_fields[field_6f7b0a2]\" id=\"form-field-field_6f7b0a2\" class=\"elementor-field elementor-size-md  elementor-field-textual\" placeholder=\"phone\" required=\"required\" pattern=\"[0-9()#&amp;+*-=.]+\" title=\"Only numbers and phone characters (#, -, *, etc) are accepted.\">\n\n\t\t\t\t\t\t<\/div>\n\t\t\t\t\t\t\t\t<div class=\"elementor-field-type-email elementor-field-group elementor-column elementor-field-group-field_ded525d elementor-col-50 elementor-field-required elementor-mark-required\">\n\t\t\t\t\t\t\t\t\t\t\t\t\t<input size=\"1\" type=\"email\" name=\"form_fields[field_ded525d]\" id=\"form-field-field_ded525d\" class=\"elementor-field elementor-size-md  elementor-field-textual\" placeholder=\"email\" required=\"required\">\n\t\t\t\t\t\t\t\t\t\t\t<\/div>\n\t\t\t\t\t\t\t\t<div class=\"elementor-field-type-text elementor-field-group elementor-column elementor-field-group-field_da0f411 elementor-col-50 elementor-field-required elementor-mark-required\">\n\t\t\t\t\t\t\t\t\t\t\t\t\t<input size=\"1\" type=\"text\" name=\"form_fields[field_da0f411]\" id=\"form-field-field_da0f411\" class=\"elementor-field elementor-size-md  elementor-field-textual\" placeholder=\"address\" required=\"required\">\n\t\t\t\t\t\t\t\t\t\t\t<\/div>\n\t\t\t\t\t\t\t\t<div class=\"elementor-field-type-text elementor-field-group elementor-column elementor-field-group-field_b5fd6bb elementor-col-20 elementor-field-required elementor-mark-required\">\n\t\t\t\t\t\t\t\t\t\t\t\t\t<input size=\"1\" type=\"text\" name=\"form_fields[field_b5fd6bb]\" id=\"form-field-field_b5fd6bb\" class=\"elementor-field elementor-size-md  elementor-field-textual\" placeholder=\"post code\" required=\"required\">\n\t\t\t\t\t\t\t\t\t\t\t<\/div>\n\t\t\t\t\t\t\t\t<div class=\"elementor-field-type-text elementor-field-group elementor-column elementor-field-group-field_86e4add elementor-col-30 elementor-field-required elementor-mark-required\">\n\t\t\t\t\t\t\t\t\t\t\t\t\t<input size=\"1\" type=\"text\" name=\"form_fields[field_86e4add]\" id=\"form-field-field_86e4add\" class=\"elementor-field elementor-size-md  elementor-field-textual\" placeholder=\"city\" required=\"required\">\n\t\t\t\t\t\t\t\t\t\t\t<\/div>\n\t\t\t\t\t\t\t\t<div class=\"elementor-field-type-textarea elementor-field-group elementor-column elementor-field-group-field_e389c4e elementor-col-100 elementor-field-required elementor-mark-required\">\n\t\t\t\t\t<textarea class=\"elementor-field-textual elementor-field  elementor-size-md\" name=\"form_fields[field_e389c4e]\" id=\"form-field-field_e389c4e\" rows=\"5\" placeholder=\"your message\" required=\"required\"><\/textarea>\t\t\t\t<\/div>\n\t\t\t\t\t\t\t\t<div class=\"elementor-field-type-acceptance elementor-field-group elementor-column elementor-field-group-field_386a03c elementor-col-100 elementor-field-required elementor-mark-required\">\n\t\t\t\t\t\t\t<div class=\"elementor-field-subgroup\">\n\t\t\t<span class=\"elementor-field-option\">\n\t\t\t\t<input type=\"checkbox\" name=\"form_fields[field_386a03c]\" id=\"form-field-field_386a03c\" class=\"elementor-field elementor-size-md  elementor-acceptance-field\" required=\"required\">\n\t\t\t\t<label for=\"form-field-field_386a03c\">*  I declare my consent to process and store the data transmitted.<\/label>\t\t\t<\/span>\n\t\t<\/div>\n\t\t\t\t\t\t<\/div>\n\t\t\t\t\t\t\t\t<div class=\"elementor-field-group elementor-column elementor-field-type-submit elementor-col-100 e-form__buttons elementor-sm-100\">\n\t\t\t\t\t<button class=\"elementor-button elementor-size-sm\" type=\"submit\">\n\t\t\t\t\t\t<span class=\"elementor-button-content-wrapper\">\n\t\t\t\t\t\t\t\t\t\t\t\t\t\t\t\t\t\t\t\t\t\t<span class=\"elementor-button-text\">Send message<\/span>\n\t\t\t\t\t\t\t\t\t\t\t\t\t<\/span>\n\t\t\t\t\t<\/button>\n\t\t\t\t<\/div>\n\t\t\t<\/div>\n\t\t<input type=\"hidden\" name=\"trp-form-language\" value=\"en\"\/><\/form>\n\t\t\t\t\t\t<\/div>\n\t\t\t\t<\/div>\n\t\t\t\t<\/div>\n\t\t\t\t<\/div>\n\t\t\t\t\t<\/div>\n\t\t\t\t<\/div>\n\t\t\t\t<\/div>","protected":false},"excerpt":{"rendered":"<p>Kontakt Beratung &#8211; auch telefonisch oder per Videocall \u00a0 F\u00fcr eine erste Beratung vereinbaren Sie bitte im Kontaktformular, per Email oder telefonisch einen Termin zur ersten Einsch\u00e4tzung Ihre Anliegens. Sie haben in jedem Moment die M\u00f6glichkeit, das Mandat zu erteilen oder zu entziehen. Sie werden ausf\u00fchrlich beraten \u00fcber die m\u00f6glichen Kosten und Risiken, auch zur [&hellip;]<\/p>","protected":false},"author":1,"featured_media":0,"parent":0,"menu_order":35,"comment_status":"closed","ping_status":"closed","template":"elementor_header_footer","meta":{"footnotes":""},"class_list":["post-46","page","type-page","status-publish","hentry"],"yoast_head":"<!-- This site is optimized with the Yoast SEO plugin v26.6 - https:\/\/yoast.com\/wordpress\/plugins\/seo\/ -->\n<title>Kontakt - Kanzlei Mader | Mader Law<\/title>\n<meta name=\"description\" content=\"Kontakt\" \/>\n<meta name=\"robots\" content=\"index, follow, max-snippet:-1, max-image-preview:large, max-video-preview:-1\" \/>\n<link rel=\"canonical\" href=\"https:\/\/kanzlei-mader.de\/en\/kontakt\/\" \/>\n<meta property=\"og:locale\" content=\"en_GB\" \/>\n<meta property=\"og:type\" content=\"article\" \/>\n<meta property=\"og:title\" content=\"Kontakt - Kanzlei Mader | Mader Law\" \/>\n<meta property=\"og:description\" content=\"Kontakt\" \/>\n<meta property=\"og:url\" content=\"https:\/\/kanzlei-mader.de\/en\/kontakt\/\" \/>\n<meta property=\"og:site_name\" content=\"Kanzlei Mader | Mader Law\" \/>\n<meta property=\"article:modified_time\" content=\"2026-01-12T12:12:18+00:00\" \/>\n<meta name=\"twitter:card\" content=\"summary_large_image\" \/>\n<meta name=\"twitter:label1\" content=\"Estimated reading time\" \/>\n\t<meta name=\"twitter:data1\" content=\"1 minute\" \/>\n<script type=\"application\/ld+json\" class=\"yoast-schema-graph\">{\"@context\":\"https:\/\/schema.org\",\"@graph\":[{\"@type\":\"WebPage\",\"@id\":\"https:\/\/kanzlei-mader.de\/kontakt\/\",\"url\":\"https:\/\/kanzlei-mader.de\/kontakt\/\",\"name\":\"Kontakt - Kanzlei Mader | Mader Law\",\"isPartOf\":{\"@id\":\"https:\/\/kanzlei-mader.de\/#website\"},\"datePublished\":\"2025-08-16T19:29:02+00:00\",\"dateModified\":\"2026-01-12T12:12:18+00:00\",\"description\":\"Kontakt\",\"breadcrumb\":{\"@id\":\"https:\/\/kanzlei-mader.de\/kontakt\/#breadcrumb\"},\"inLanguage\":\"en-GB\",\"potentialAction\":[{\"@type\":\"ReadAction\",\"target\":[\"https:\/\/kanzlei-mader.de\/kontakt\/\"]}]},{\"@type\":\"BreadcrumbList\",\"@id\":\"https:\/\/kanzlei-mader.de\/kontakt\/#breadcrumb\",\"itemListElement\":[{\"@type\":\"ListItem\",\"position\":1,\"name\":\"Startseite\",\"item\":\"https:\/\/kanzlei-mader.de\/\"},{\"@type\":\"ListItem\",\"position\":2,\"name\":\"Kontakt\"}]},{\"@type\":\"WebSite\",\"@id\":\"https:\/\/kanzlei-mader.de\/#website\",\"url\":\"https:\/\/kanzlei-mader.de\/\",\"name\":\"Kanzlei Mader | Mader Law - Wirtschaftsrecht, EU-Recht, Schadenersatz, Arzthaftung, EU Staff Regulations, EU Civil Service Law\",\"description\":\"Rechtsanwalt Dr. Oliver Mader: Wirtschaftsrecht, EU-Recht\",\"publisher\":{\"@id\":\"https:\/\/kanzlei-mader.de\/#organization\"},\"alternateName\":\"Rechtsanwalt Dr. Oliver Mader\",\"potentialAction\":[{\"@type\":\"SearchAction\",\"target\":{\"@type\":\"EntryPoint\",\"urlTemplate\":\"https:\/\/kanzlei-mader.de\/?s={search_term_string}\"},\"query-input\":{\"@type\":\"PropertyValueSpecification\",\"valueRequired\":true,\"valueName\":\"search_term_string\"}}],\"inLanguage\":\"en-GB\"},{\"@type\":\"Organization\",\"@id\":\"https:\/\/kanzlei-mader.de\/#organization\",\"name\":\"Kanzlei Mader | Mader Law\",\"alternateName\":\"Rechtsanwalt Dr. Oliver Mader\",\"url\":\"https:\/\/kanzlei-mader.de\/\",\"logo\":{\"@type\":\"ImageObject\",\"inLanguage\":\"en-GB\",\"@id\":\"https:\/\/kanzlei-mader.de\/#\/schema\/logo\/image\/\",\"url\":\"https:\/\/kanzlei-mader.de\/wp-content\/uploads\/2025\/11\/cropped-mader-logo-1.png\",\"contentUrl\":\"https:\/\/kanzlei-mader.de\/wp-content\/uploads\/2025\/11\/cropped-mader-logo-1.png\",\"width\":512,\"height\":512,\"caption\":\"Kanzlei Mader | Mader Law\"},\"image\":{\"@id\":\"https:\/\/kanzlei-mader.de\/#\/schema\/logo\/image\/\"},\"sameAs\":[\"https:\/\/www.linkedin.com\/in\/oliver-mader-phd-m-a-kcl-lawyer-619284307\/\",\"https:\/\/www.eu-law.lawyer\",\"https:\/\/www.eu-dienstrecht.de\",\"https:\/\/www.eugh-anwalt.de\",\"https:\/\/www.invalidity-pension.eu\",\"https:\/\/www.staff-regulations.eu\",\"https:\/\/www.kanzlei-mader.de\",\"https:\/\/www.mader-law.de\",\"https:\/\/www.cartel.lawyer\"]}]}<\/script>\n<!-- \/ Yoast SEO plugin. -->","yoast_head_json":{"title":"Kontakt - Kanzlei Mader | Mader Law","description":"Contact","robots":{"index":"index","follow":"follow","max-snippet":"max-snippet:-1","max-image-preview":"max-image-preview:large","max-video-preview":"max-video-preview:-1"},"canonical":"https:\/\/kanzlei-mader.de\/en\/kontakt\/","og_locale":"en_GB","og_type":"article","og_title":"Kontakt - Kanzlei Mader | Mader Law","og_description":"Kontakt","og_url":"https:\/\/kanzlei-mader.de\/en\/kontakt\/","og_site_name":"Kanzlei Mader | Mader Law","article_modified_time":"2026-01-12T12:12:18+00:00","twitter_card":"summary_large_image","twitter_misc":{"Estimated reading time":"1 minute"},"schema":{"@context":"https:\/\/schema.org","@graph":[{"@type":"WebPage","@id":"https:\/\/kanzlei-mader.de\/kontakt\/","url":"https:\/\/kanzlei-mader.de\/kontakt\/","name":"Kontakt - Kanzlei Mader | Mader Law","isPartOf":{"@id":"https:\/\/kanzlei-mader.de\/#website"},"datePublished":"2025-08-16T19:29:02+00:00","dateModified":"2026-01-12T12:12:18+00:00","description":"Contact","breadcrumb":{"@id":"https:\/\/kanzlei-mader.de\/kontakt\/#breadcrumb"},"inLanguage":"en-GB","potentialAction":[{"@type":"ReadAction","target":["https:\/\/kanzlei-mader.de\/kontakt\/"]}]},{"@type":"BreadcrumbList","@id":"https:\/\/kanzlei-mader.de\/kontakt\/#breadcrumb","itemListElement":[{"@type":"ListItem","position":1,"name":"Startseite","item":"https:\/\/kanzlei-mader.de\/"},{"@type":"ListItem","position":2,"name":"Kontakt"}]},{"@type":"WebSite","@id":"https:\/\/kanzlei-mader.de\/#website","url":"https:\/\/kanzlei-mader.de\/","name":"Kanzlei Mader | Mader Law - Wirtschaftsrecht, EU-Recht, Schadenersatz, Arzthaftung, EU Staff Regulations, EU Civil Service Law","description":"Rechtsanwalt Dr. Oliver Mader: Wirtschaftsrecht, EU-Recht","publisher":{"@id":"https:\/\/kanzlei-mader.de\/#organization"},"alternateName":"Rechtsanwalt Dr. Oliver Mader","potentialAction":[{"@type":"SearchAction","target":{"@type":"EntryPoint","urlTemplate":"https:\/\/kanzlei-mader.de\/?s={search_term_string}"},"query-input":{"@type":"PropertyValueSpecification","valueRequired":true,"valueName":"search_term_string"}}],"inLanguage":"en-GB"},{"@type":"Organization","@id":"https:\/\/kanzlei-mader.de\/#organization","name":"Kanzlei Mader | Mader Law","alternateName":"Rechtsanwalt Dr. Oliver Mader","url":"https:\/\/kanzlei-mader.de\/","logo":{"@type":"ImageObject","inLanguage":"en-GB","@id":"https:\/\/kanzlei-mader.de\/#\/schema\/logo\/image\/","url":"https:\/\/kanzlei-mader.de\/wp-content\/uploads\/2025\/11\/cropped-mader-logo-1.png","contentUrl":"https:\/\/kanzlei-mader.de\/wp-content\/uploads\/2025\/11\/cropped-mader-logo-1.png","width":512,"height":512,"caption":"Kanzlei Mader | Mader Law"},"image":{"@id":"https:\/\/kanzlei-mader.de\/#\/schema\/logo\/image\/"},"sameAs":["https:\/\/www.linkedin.com\/in\/oliver-mader-phd-m-a-kcl-lawyer-619284307\/","https:\/\/www.eu-law.lawyer","https:\/\/www.eu-dienstrecht.de","https:\/\/www.eugh-anwalt.de","https:\/\/www.invalidity-pension.eu","https:\/\/www.staff-regulations.eu","https:\/\/www.kanzlei-mader.de","https:\/\/www.mader-law.de","https:\/\/www.cartel.lawyer"]}]}},"_links":{"self":[{"href":"https:\/\/kanzlei-mader.de\/en\/wp-json\/wp\/v2\/pages\/46","targetHints":{"allow":["GET"]}}],"collection":[{"href":"https:\/\/kanzlei-mader.de\/en\/wp-json\/wp\/v2\/pages"}],"about":[{"href":"https:\/\/kanzlei-mader.de\/en\/wp-json\/wp\/v2\/types\/page"}],"author":[{"embeddable":true,"href":"https:\/\/kanzlei-mader.de\/en\/wp-json\/wp\/v2\/users\/1"}],"replies":[{"embeddable":true,"href":"https:\/\/kanzlei-mader.de\/en\/wp-json\/wp\/v2\/comments?post=46"}],"version-history":[{"count":11,"href":"https:\/\/kanzlei-mader.de\/en\/wp-json\/wp\/v2\/pages\/46\/revisions"}],"predecessor-version":[{"id":3595,"href":"https:\/\/kanzlei-mader.de\/en\/wp-json\/wp\/v2\/pages\/46\/revisions\/3595"}],"wp:attachment":[{"href":"https:\/\/kanzlei-mader.de\/en\/wp-json\/wp\/v2\/media?parent=46"}],"curies":[{"name":"wp","href":"https:\/\/api.w.org\/{rel}","templated":true}]}}